{"id":2308,"date":"2023-09-01T11:32:34","date_gmt":"2023-09-01T11:32:34","guid":{"rendered":"https:\/\/congruence.at\/?page_id=2308"},"modified":"2025-02-07T01:32:15","modified_gmt":"2025-02-07T01:32:15","slug":"agb","status":"publish","type":"page","link":"https:\/\/congruence.at\/?page_id=2308","title":{"rendered":"AGB \/ FAQ"},"content":{"rendered":"\t\t<div data-elementor-type=\"wp-page\" data-elementor-id=\"2308\" class=\"elementor elementor-2308\">\n\t\t\t\t\t\t<section class=\"elementor-section elementor-top-section elementor-element elementor-element-39bfb4d elementor-section-boxed elementor-section-height-default elementor-section-height-default\" data-id=\"39bfb4d\" data-element_type=\"section\" data-e-type=\"section\">\n\t\t\t\t\t\t<div class=\"elementor-container elementor-column-gap-default\">\n\t\t\t\t\t<div class=\"elementor-column elementor-col-100 elementor-top-column elementor-element elementor-element-eec09ed\" data-id=\"eec09ed\" data-element_type=\"column\" data-e-type=\"column\">\n\t\t\t<div class=\"elementor-widget-wrap elementor-element-populated\">\n\t\t\t\t\t\t<div class=\"elementor-element elementor-element-70f690c elementor-widget elementor-widget-heading\" data-id=\"70f690c\" data-element_type=\"widget\" data-e-type=\"widget\" data-widget_type=\"heading.default\">\n\t\t\t\t<div class=\"elementor-widget-container\">\n\t\t\t\t\t<h2 class=\"elementor-heading-title elementor-size-default\">AGB<\/h2>\t\t\t\t<\/div>\n\t\t\t\t<\/div>\n\t\t\t\t\t<\/div>\n\t\t<\/div>\n\t\t\t\t\t<\/div>\n\t\t<\/section>\n\t\t\t\t<section class=\"elementor-section elementor-top-section elementor-element elementor-element-d0ad4cb elementor-section-boxed elementor-section-height-default elementor-section-height-default\" data-id=\"d0ad4cb\" data-element_type=\"section\" data-e-type=\"section\">\n\t\t\t\t\t\t<div class=\"elementor-container elementor-column-gap-default\">\n\t\t\t\t\t<div class=\"elementor-column elementor-col-100 elementor-top-column elementor-element elementor-element-034ff94\" data-id=\"034ff94\" data-element_type=\"column\" data-e-type=\"column\">\n\t\t\t<div class=\"elementor-widget-wrap elementor-element-populated\">\n\t\t\t\t\t\t<div class=\"elementor-element elementor-element-82733bd elementor-widget elementor-widget-text-editor\" data-id=\"82733bd\" data-element_type=\"widget\" data-e-type=\"widget\" data-widget_type=\"text-editor.default\">\n\t\t\t\t<div class=\"elementor-widget-container\">\n\t\t\t\t\t\t\t\t\t<p><b>&nbsp;<\/b><\/p>\n<p><b>Die Therapiemethode:<\/b><\/p>\n<p>Die personzentrierte Psychotherapie ist eine von rund 20, in \u00d6sterreich zugelassenen&nbsp;<span style=\"font-style: inherit; font-weight: inherit; color: var( --e-global-color-astglobalcolor6 ); font-family: var( --e-global-typography-45bb57b-font-family ), Sans-serif; background-color: var(--ast-global-color-4);\">Psychotherapiemethoden. Wesentliche Annahme dieser humanistischen Therapie ist es, die&nbsp;<\/span><span style=\"font-style: inherit; font-weight: inherit; color: var( --e-global-color-astglobalcolor6 ); font-family: var( --e-global-typography-45bb57b-font-family ), Sans-serif; background-color: var(--ast-global-color-4);\">Person in ihrer eigenen Entwicklung zu begleiten. Im Zentrum dieses Ansatzes steht der&nbsp;<\/span><span style=\"font-style: inherit; font-weight: inherit; color: var( --e-global-color-astglobalcolor6 ); font-family: var( --e-global-typography-45bb57b-font-family ), Sans-serif; background-color: var(--ast-global-color-4);\">Mensch in allen seinen Facetten.<\/span><\/p>\n<p><b>Psychotherapeut\/innen in Ausbildung unter Supervision:<\/b><\/p>\n<p>Sie werden bei Ihrem Anliegen unterst\u00fctzt von Psychotherapeutinnen\/Psychotherapeuten in&nbsp;<span style=\"font-style: inherit; font-weight: inherit; color: var( --e-global-color-astglobalcolor6 ); font-family: var( --e-global-typography-45bb57b-font-family ), Sans-serif; background-color: var(--ast-global-color-4);\">Ausbildung unter Supervision. Das hei\u00dft, diese sind im dritten Abschnitt der Ausbildung und&nbsp;<\/span><span style=\"font-style: inherit; font-weight: inherit; color: var( --e-global-color-astglobalcolor6 ); font-family: var( --e-global-typography-45bb57b-font-family ), Sans-serif; background-color: var(--ast-global-color-4);\">d\u00fcrfen ab dem Erreichen dieses Abschnittes, im so genannten Status \u201ein Ausbildung unter&nbsp;<\/span><span style=\"font-style: inherit; font-weight: inherit; color: var( --e-global-color-astglobalcolor6 ); font-family: var( --e-global-typography-45bb57b-font-family ), Sans-serif; background-color: var(--ast-global-color-4);\">Supervision\u201c t\u00e4tig sein.<\/span><\/p>\n<p><b>Kosten:<\/b><\/p>\n<p>Eine Einheit dauert 50 Minuten und kostet f\u00fcr 100\u20ac. Dieser Betrag ist nach der Einheit direkt&nbsp;<span style=\"font-style: inherit; font-weight: inherit; color: var( --e-global-color-astglobalcolor6 ); font-family: var( --e-global-typography-45bb57b-font-family ), Sans-serif; background-color: var(--ast-global-color-4);\">an den Therapeuten in bar zu bezahlen. F\u00fcr Paar- oder Familientherapie wird eine&nbsp;<\/span><span style=\"font-style: inherit; font-weight: inherit; color: var( --e-global-color-astglobalcolor6 ); font-family: var( --e-global-typography-45bb57b-font-family ), Sans-serif; background-color: var(--ast-global-color-4);\">Doppelstunde von 100 Minuten zu 200\u20ac. Bei nachweisbarer Arbeitslosigkeit ist der Betrag 70\u20ac&nbsp;<\/span><span style=\"font-style: inherit; font-weight: inherit; color: var( --e-global-color-astglobalcolor6 ); font-family: var( --e-global-typography-45bb57b-font-family ), Sans-serif; background-color: var(--ast-global-color-4);\">bzw. 140\u20ac.<\/span><\/p>\n<p><b>Einreichung bei der Krankenkassa:<\/b><\/p>\n<p>Die Honorarnoten k\u00f6nnen leider nicht bei der Krankenkassa eingereicht werden.<\/p>\n<p><b>Terminvereinbarung:<\/b><\/p>\n<p>Termine werden individuell mit Ihrer Therapeutin\/Ihrem Therapeuten vereinbart. \u00dcblicherweise&nbsp;<span style=\"font-style: inherit; font-weight: inherit; color: var( --e-global-color-astglobalcolor6 ); font-family: var( --e-global-typography-45bb57b-font-family ), Sans-serif; background-color: var(--ast-global-color-4);\">findet w\u00f6chentlich je eine Einheit statt. Bei Paar- und Familientherapien liegt die \u00fcblicherweise&nbsp;<\/span><span style=\"font-style: inherit; font-weight: inherit; color: var( --e-global-color-astglobalcolor6 ); font-family: var( --e-global-typography-45bb57b-font-family ), Sans-serif; background-color: var(--ast-global-color-4);\">stattfindende Frequenz bei zwei Wochen.<\/span><\/p>\n<p><b>P\u00fcnktlichkeit:<\/b><\/p>\n<p>Wenn Sie einen Termin vereinbaren, beachten Sie bitte, dass die Zeit extra f\u00fcr Sie reserviert&nbsp;<span style=\"font-style: inherit; font-weight: inherit; color: var( --e-global-color-astglobalcolor6 ); font-family: var( --e-global-typography-45bb57b-font-family ), Sans-serif; background-color: var(--ast-global-color-4);\">ist. Die Einheiten beginnen zu jeder vollen Stunde und enden nach 50 Minuten, Paar- und&nbsp;<\/span><span style=\"font-style: inherit; font-weight: inherit; color: var( --e-global-color-astglobalcolor6 ); font-family: var( --e-global-typography-45bb57b-font-family ), Sans-serif; background-color: var(--ast-global-color-4);\">Familientherapien enden nach 100 Minuten. Es reicht, wenn Sie ein paar Minuten vorher&nbsp;<\/span><span style=\"font-style: inherit; font-weight: inherit; color: var( --e-global-color-astglobalcolor6 ); font-family: var( --e-global-typography-45bb57b-font-family ), Sans-serif; background-color: var(--ast-global-color-4);\">kommen, da Sie sonst eventuell die vorherige Einheit st\u00f6ren k\u00f6nnten.&nbsp;<\/span><\/p>\n<p><span style=\"font-style: inherit; color: var( --e-global-color-astglobalcolor6 ); font-family: var( --e-global-typography-45bb57b-font-family ), Sans-serif; background-color: var(--ast-global-color-4);\"><b>Psychotherapie:<\/b><\/span><\/p>\n<p>Die Psychotherapie ist ein Prozess der intensiven Auseinandersetzung mit den Erfahrungen&nbsp;<span style=\"font-style: inherit; font-weight: inherit; color: var( --e-global-color-astglobalcolor6 ); font-family: var( --e-global-typography-45bb57b-font-family ), Sans-serif; background-color: var(--ast-global-color-4);\">und der inneren Welt des Menschen. Hierbei sind Sie die Expertin \u00fcber Ihre Erlebnisse und&nbsp;<\/span><span style=\"font-style: inherit; font-weight: inherit; color: var( --e-global-color-astglobalcolor6 ); font-family: var( --e-global-typography-45bb57b-font-family ), Sans-serif; background-color: var(--ast-global-color-4);\">Wahrnehmungen und die Psychotherapeutin\/der Psychotherapeut ist der Experte f\u00fcr den&nbsp;<\/span><span style=\"font-style: inherit; font-weight: inherit; color: var( --e-global-color-astglobalcolor6 ); font-family: var( --e-global-typography-45bb57b-font-family ), Sans-serif; background-color: var(--ast-global-color-4);\">Prozess. Dar\u00fcber hinaus obliegt es Ihnen, in jeder Sitzung die Themen vorzubringen, die Sie&nbsp;<\/span><span style=\"font-style: inherit; font-weight: inherit; color: var( --e-global-color-astglobalcolor6 ); font-family: var( --e-global-typography-45bb57b-font-family ), Sans-serif; background-color: var(--ast-global-color-4);\">besprechen m\u00f6chten oder an der vorherigen Sitzung anzukn\u00fcpfen.<\/span><\/p>\n<p><b>Absageregelung:<\/b><\/p>\n<p>Wenn Sie den vereinbarten Termin nicht einhalten k\u00f6nnen, bitten wir Sie Ihrer&nbsp;<span style=\"font-style: inherit; font-weight: inherit; color: var( --e-global-color-astglobalcolor6 ); font-family: var( --e-global-typography-45bb57b-font-family ), Sans-serif; background-color: var(--ast-global-color-4);\">Therapeutin\/Ihrem Therapeuten 48 Stunden vorher Bescheid zu geben. Andernfalls ist der&nbsp;<\/span><span style=\"font-style: inherit; font-weight: inherit; color: var( --e-global-color-astglobalcolor6 ); font-family: var( --e-global-typography-45bb57b-font-family ), Sans-serif; background-color: var(--ast-global-color-4);\">vereinbarte Termin trotzdem zu bezahlen. Absagen k\u00f6nnen Sie auch am Wochenende oder&nbsp;<\/span><span style=\"font-style: inherit; font-weight: inherit; color: var( --e-global-color-astglobalcolor6 ); font-family: var( --e-global-typography-45bb57b-font-family ), Sans-serif; background-color: var(--ast-global-color-4);\">abends t\u00e4tigen &#8211; telefonisch oder per Mail &#8211; direkt bei Ihrer Therapeutin\/Ihrem Therapeuten.<\/span><\/p>\n<p><b>Verschwiegenheitspflicht:<\/b><\/p>\n<p>Psychotherapeutinnen\/Psychotherapeuten in Ausbildung unter Supervision unterliegen der&nbsp;<span style=\"font-style: inherit; font-weight: inherit; color: var( --e-global-color-astglobalcolor6 ); font-family: var( --e-global-typography-45bb57b-font-family ), Sans-serif; background-color: var(--ast-global-color-4);\">Schweigepflicht. Dies bedeutet, dass alles im Rahmen der Beratung\/Therapie vertraulich&nbsp;<\/span><span style=\"font-style: inherit; font-weight: inherit; color: var( --e-global-color-astglobalcolor6 ); font-family: var( --e-global-typography-45bb57b-font-family ), Sans-serif; background-color: var(--ast-global-color-4);\">behandelt wird. Jedoch ist es wichtig zu wissen, dass im Rahmen der Ausbildung verpflichtend&nbsp;<\/span><span style=\"font-style: inherit; font-weight: inherit; color: var( --e-global-color-astglobalcolor6 ); font-family: var( --e-global-typography-45bb57b-font-family ), Sans-serif; background-color: var(--ast-global-color-4);\">Supervision notwendig ist. In dieser wird Ihr Fall mit einem erfahrenerem und ebenfalls zur&nbsp;<\/span><span style=\"font-style: inherit; font-weight: inherit; color: var( --e-global-color-astglobalcolor6 ); font-family: var( --e-global-typography-45bb57b-font-family ), Sans-serif; background-color: var(--ast-global-color-4);\">Verschwiegenheit verpflichtetem Psychotherapeutin\/Psychotherapeuten eventuell&nbsp;<\/span><span style=\"font-style: inherit; font-weight: inherit; color: var( --e-global-color-astglobalcolor6 ); font-family: var( --e-global-typography-45bb57b-font-family ), Sans-serif; background-color: var(--ast-global-color-4);\">besprochen, um Feedback zu erhalten.<\/span><\/p>\n<p><b>Dauer einer Beratung oder Psychotherapie:<\/b><\/p>\n<p>Man kann zu Beginn nicht sagen, wie lange eine Beratung oder eine Psychotherapie dauern&nbsp;<span style=\"font-style: inherit; font-weight: inherit; color: var( --e-global-color-astglobalcolor6 ); font-family: var( --e-global-typography-45bb57b-font-family ), Sans-serif; background-color: var(--ast-global-color-4);\">wird. \u00dcblicherweise ist eine Beratung kurzfristiger angelegt und auf ein oder mehrere&nbsp;<\/span><span style=\"font-style: inherit; font-weight: inherit; color: var( --e-global-color-astglobalcolor6 ); font-family: var( --e-global-typography-45bb57b-font-family ), Sans-serif; background-color: var(--ast-global-color-4);\">abgrenzbare Probleme hin ausgerichtet.&nbsp;<\/span><span style=\"font-style: inherit; font-weight: inherit; color: var( --e-global-color-astglobalcolor6 ); font-family: var( --e-global-typography-45bb57b-font-family ), Sans-serif; background-color: var(--ast-global-color-4);\">Psychotherapie ist bei Vorliegen psychischer Beschwerden indiziert oder bei allgemeinem&nbsp;<\/span><span style=\"font-style: inherit; font-weight: inherit; color: var( --e-global-color-astglobalcolor6 ); font-family: var( --e-global-typography-45bb57b-font-family ), Sans-serif; background-color: var(--ast-global-color-4);\">Unwohlf\u00fchlen. Auch hier k\u00f6nnen Probleme klar sichtbar sein. \u00dcblicherweise wird eine&nbsp;<\/span><span style=\"font-style: inherit; font-weight: inherit; color: var( --e-global-color-astglobalcolor6 ); font-family: var( --e-global-typography-45bb57b-font-family ), Sans-serif; background-color: var(--ast-global-color-4);\">w\u00f6chentliche Frequenz vereinbart.<\/span><\/p>\n<p><b>Therapieende:<\/b><\/p>\n<p>Das Ende einer Beratung\/Therapie wird zwischen Klientin\/Klienten und&nbsp;<span style=\"font-style: inherit; font-weight: inherit; color: var( --e-global-color-astglobalcolor6 ); font-family: var( --e-global-typography-45bb57b-font-family ), Sans-serif; background-color: var(--ast-global-color-4);\">Therapeutin\/Therapeuten individuell vereinbart. Bitte besprechen Sie mit Ihrer&nbsp;<\/span><span style=\"font-style: inherit; font-weight: inherit; color: var( --e-global-color-astglobalcolor6 ); font-family: var( --e-global-typography-45bb57b-font-family ), Sans-serif; background-color: var(--ast-global-color-4);\">Therapeutin\/Ihrem Therapeuten, wenn Sie beabsichtigen die Beratung\/Therapie zu beenden.<\/span><\/p>\n<p><b>Weitere Fragen:<\/b><\/p>\n<p>Wenn Sie noch Fragen haben, kontaktieren Sie bitte Ihre Therapeutin\/Ihren Therapeute<\/p>\t\t\t\t\t\t\t\t<\/div>\n\t\t\t\t<\/div>\n\t\t\t\t\t<\/div>\n\t\t<\/div>\n\t\t\t\t\t<\/div>\n\t\t<\/section>\n\t\t\t\t<\/div>\n\t\t","protected":false},"excerpt":{"rendered":"<p>AGB &nbsp; Die Therapiemethode: Die personzentrierte Psychotherapie ist eine von rund 20, in \u00d6sterreich zugelassenen&nbsp;Psychotherapiemethoden. Wesentliche Annahme dieser humanistischen Therapie ist es, die&nbsp;Person in ihrer eigenen Entwicklung zu begleiten. Im Zentrum dieses Ansatzes steht der&nbsp;Mensch in allen seinen Facetten. Psychotherapeut\/innen in Ausbildung unter Supervision: Sie werden bei Ihrem Anliegen unterst\u00fctzt von Psychotherapeutinnen\/Psychotherapeuten in&nbsp;Ausbildung unter Supervision. [&hellip;]<\/p>\n","protected":false},"author":1,"featured_media":0,"parent":0,"menu_order":0,"comment_status":"closed","ping_status":"closed","template":"","meta":{"_uag_custom_page_level_css":"","site-sidebar-layout":"no-sidebar","site-content-layout":"page-builder","ast-site-content-layout":"full-width-container","site-content-style":"default","site-sidebar-style":"default","ast-global-header-display":"","ast-banner-title-visibility":"","ast-main-header-display":"","ast-hfb-above-header-display":"","ast-hfb-below-header-display":"","ast-hfb-mobile-header-display":"","site-post-title":"disabled","ast-breadcrumbs-content":"","ast-featured-img":"disabled","footer-sml-layout":"","ast-disable-related-posts":"","theme-transparent-header-meta":"","adv-header-id-meta":"","stick-header-meta":"","header-above-stick-meta":"","header-main-stick-meta":"","header-below-stick-meta":"","astra-migrate-meta-layouts":"set","ast-page-background-enabled":"default","ast-page-background-meta":{"desktop":{"background-color":"","background-image":"","background-repeat":"repeat","background-position":"center center","background-size":"auto","background-attachment":"scroll","background-type":"","background-media":"","overlay-type":"","overlay-color":"","overlay-opacity":"","overlay-gradient":""},"tablet":{"background-color":"","background-image":"","background-repeat":"repeat","background-position":"center center","background-size":"auto","background-attachment":"scroll","background-type":"","background-media":"","overlay-type":"","overlay-color":"","overlay-opacity":"","overlay-gradient":""},"mobile":{"background-color":"","background-image":"","background-repeat":"repeat","background-position":"center center","background-size":"auto","background-attachment":"scroll","background-type":"","background-media":"","overlay-type":"","overlay-color":"","overlay-opacity":"","overlay-gradient":""}},"ast-content-background-meta":{"desktop":{"background-color":"var(--ast-global-color-5)","background-image":"","background-repeat":"repeat","background-position":"center center","background-size":"auto","background-attachment":"scroll","background-type":"","background-media":"","overlay-type":"","overlay-color":"","overlay-opacity":"","overlay-gradient":""},"tablet":{"background-color":"var(--ast-global-color-5)","background-image":"","background-repeat":"repeat","background-position":"center center","background-size":"auto","background-attachment":"scroll","background-type":"","background-media":"","overlay-type":"","overlay-color":"","overlay-opacity":"","overlay-gradient":""},"mobile":{"background-color":"var(--ast-global-color-5)","background-image":"","background-repeat":"repeat","background-position":"center center","background-size":"auto","background-attachment":"scroll","background-type":"","background-media":"","overlay-type":"","overlay-color":"","overlay-opacity":"","overlay-gradient":""}},"footnotes":""},"class_list":["post-2308","page","type-page","status-publish","hentry"],"uagb_featured_image_src":{"full":false,"thumbnail":false,"medium":false,"medium_large":false,"large":false,"1536x1536":false,"2048x2048":false},"uagb_author_info":{"display_name":"ammar.almihyawi@gmail.com","author_link":"https:\/\/congruence.at\/?author=1"},"uagb_comment_info":0,"uagb_excerpt":"AGB &nbsp; Die Therapiemethode: Die personzentrierte Psychotherapie ist eine von rund 20, in \u00d6sterreich zugelassenen&nbsp;Psychotherapiemethoden. Wesentliche Annahme dieser humanistischen Therapie ist es, die&nbsp;Person in ihrer eigenen Entwicklung zu begleiten. Im Zentrum dieses Ansatzes steht der&nbsp;Mensch in allen seinen Facetten. Psychotherapeut\/innen in Ausbildung unter Supervision: Sie werden bei Ihrem Anliegen unterst\u00fctzt von Psychotherapeutinnen\/Psychotherapeuten in&nbsp;Ausbildung unter Supervision.&hellip;","_links":{"self":[{"href":"https:\/\/congruence.at\/index.php?rest_route=\/wp\/v2\/pages\/2308","targetHints":{"allow":["GET"]}}],"collection":[{"href":"https:\/\/congruence.at\/index.php?rest_route=\/wp\/v2\/pages"}],"about":[{"href":"https:\/\/congruence.at\/index.php?rest_route=\/wp\/v2\/types\/page"}],"author":[{"embeddable":true,"href":"https:\/\/congruence.at\/index.php?rest_route=\/wp\/v2\/users\/1"}],"replies":[{"embeddable":true,"href":"https:\/\/congruence.at\/index.php?rest_route=%2Fwp%2Fv2%2Fcomments&post=2308"}],"version-history":[{"count":10,"href":"https:\/\/congruence.at\/index.php?rest_route=\/wp\/v2\/pages\/2308\/revisions"}],"predecessor-version":[{"id":2432,"href":"https:\/\/congruence.at\/index.php?rest_route=\/wp\/v2\/pages\/2308\/revisions\/2432"}],"wp:attachment":[{"href":"https:\/\/congruence.at\/index.php?rest_route=%2Fwp%2Fv2%2Fmedia&parent=2308"}],"curies":[{"name":"wp","href":"https:\/\/api.w.org\/{rel}","templated":true}]}}